{"id":619,"date":"2024-01-10T13:53:50","date_gmt":"2024-01-10T12:53:50","guid":{"rendered":"https:\/\/bradro.com\/kontakt\/"},"modified":"2025-10-15T12:50:04","modified_gmt":"2025-10-15T10:50:04","slug":"contact","status":"publish","type":"page","link":"https:\/\/bradro.com\/en\/contact\/","title":{"rendered":"Contact"},"content":{"rendered":"<section class=\"l-section wpb_row height_medium\"><div class=\"l-section-h i-cf\"><div class=\"g-cols vc_row via_flex valign_top type_default stacking_default\"><div class=\"vc_col-sm-6 wpb_column vc_column_container\"><div class=\"vc_column-inner us_custom_7e20fa79 us_animate_this\"><div class=\"wpb_wrapper\"><h1 class=\"w-text\"><span class=\"w-text-h\"><span class=\"w-text-value\">Contact<\/span><\/span><\/h1><div class=\"wpb_text_column\"><div class=\"wpb_wrapper\"><p>To contact us and get more information about our offer, please fill out the contact form below or call the phone number provided. We are ready to cooperate and waiting for your contact!<\/p>\n<p>Bradro Sawmill \u2013 Your partner in wood!<\/p>\n<\/div><\/div><div class=\"wpb_text_column\"><div class=\"wpb_wrapper\"><p><strong>BRADRO Pawe\u0142 Braun, \u0141ukasz Braun Sp. J.<\/strong><br \/>\nSosnowa 23, Ogrodniczki, 16-030 Supra\u015bl, Poland<br \/>\nTax ID 966-13-12-818<br \/>\nphone <a href=\"tel:+48512783737\">+48 512 78 37 37<\/a>, <a href=\"tel:+48517104144\">+48 517 104 144<\/a><\/p>\n<\/div><\/div><p class=\"w-text icon_atleft\"><a href=\"mailto:bradro@bradro.com\" class=\"w-text-h\"><i class=\"fas fa-envelope\"><\/i><span class=\"w-text-value\">Email: bradro@bradro.com<\/span><\/a><\/p><div class=\"w-socials us_custom_70facfb4 color_brand shape_rounded style_default hover_fade\"><div class=\"w-socials-list\"><div class=\"w-socials-item facebook\"><a target=\"_blank\" href=\"https:\/\/www.facebook.com\/profile.php?id=61581559296811&amp;locale=en_GB\" class=\"w-socials-item-link\" title=\"Facebook\" aria-label=\"Facebook\"><span class=\"w-socials-item-link-hover\"><\/span><i class=\"fab fa-facebook\"><\/i><\/a><div class=\"w-socials-item-popup\"><span>Facebook<\/span><\/div><\/div><div class=\"w-socials-item instagram\"><a target=\"_blank\" href=\"https:\/\/www.instagram.com\/tartak.bradro\/\" class=\"w-socials-item-link\" title=\"Instagram\" aria-label=\"Instagram\"><span class=\"w-socials-item-link-hover\"><\/span><i class=\"fab fa-instagram\"><\/i><\/a><div class=\"w-socials-item-popup\"><span>Instagram<\/span><\/div><\/div><\/div><\/div><p class=\"w-text icon_atleft\"><span class=\"w-text-h\"><i class=\"fas fa-clock\"><\/i><span class=\"w-text-value\">Opening hours:<br \/>\nMonday to Friday 7:00 AM &#8211; 3:00 PM<\/span><\/span><\/p><\/div><\/div><\/div><div class=\"vc_col-sm-6 wpb_column vc_column_container\"><div class=\"vc_column-inner us_custom_47474b22 us_animate_this\"><div class=\"wpb_wrapper\"><h2 class=\"w-text\"><span class=\"w-text-h\"><span class=\"w-text-value\">Contact Form<\/span><\/span><\/h2><form class=\"w-form  layout_ver for_cform us_form_1\" autocomplete=\"off\" action=\"https:\/\/bradro.com\/en\/wp-json\/wp\/v2\/pages\/619\" method=\"post\"><div class=\"w-form-h\"><div class=\"w-form-row for_text required\">\r\n\t\t<div class=\"w-form-row-field\">\r\n\t\t\t\t\t\t<input aria-label=\"Name and surname\" type=\"text\" name=\"us_form_1_text_1\" value placeholder=\"Name and surname *\" data-required=\"true\" aria-required=\"true\"\/>\r\n\t\t\t<\/div>\r\n\t\t<div class=\"w-form-row-state\">Fill out this field<\/div>\r\n<\/div>\r\n<div class=\"w-form-row for_email required\">\r\n\t\t<div class=\"w-form-row-field\">\r\n\t\t\t\t\t\t<input aria-label=\"E-mail\" type=\"email\" name=\"us_form_1_email_1\" value placeholder=\"E-mail *\" data-required=\"true\" aria-required=\"true\"\/>\r\n\t\t\t<\/div>\r\n\t\t<div class=\"w-form-row-state\">Please enter a valid email address.<\/div>\r\n<\/div>\r\n<div class=\"w-form-row for_text required\">\r\n\t\t<div class=\"w-form-row-field\">\r\n\t\t\t\t\t\t<input aria-label=\"Phone number\" inputmode=\"tel\" type=\"text\" name=\"us_form_1_text_2\" value placeholder=\"Phone number *\" data-required=\"true\" aria-required=\"true\"\/>\r\n\t\t\t<\/div>\r\n\t\t<div class=\"w-form-row-state\">Fill out this field<\/div>\r\n<\/div>\r\n<div class=\"w-form-row for_textarea required\">\r\n\t\t<div class=\"w-form-row-field\">\r\n\t\t\t\t\t\t<textarea aria-label=\"Message\" name=\"us_form_1_textarea_1\" placeholder=\"Message *\" data-required=\"true\" aria-required=\"true\"><\/textarea>\r\n\t\t\t<\/div>\r\n\t\t<div class=\"w-form-row-state\">Fill out this field<\/div>\r\n<\/div>\r\n<div class=\"w-form-row for_agreement required\">\r\n\t\t<div class=\"w-form-row-field\">\r\n\t\t\t\t<label>\r\n\t\t\t<input type=\"checkbox\" value=\"1\" data-required=\"true\" aria-required=\"true\" name=\"us_form_1_agreement_1\"\/>\r\n\t\t\t<span>In accordance with Article 6(1)(a) of the General Data Protection Regulation of 27 April 2016 (Official Journal of the European Union L 119 of 04.05.2016), I consent to the processing of my personal data for marketing purposes.<\/span>\r\n\t\t<\/label>\r\n\t\t\t<\/div>\r\n\t\t<div class=\"w-form-row-state\">You need to agree with the terms to proceed<\/div>\r\n<\/div>\r\n<input type=\"hidden\" name=\"action\" value=\"us_ajax_cform\" \/>\r\n<input type=\"hidden\" name=\"post_id\" value=\"0\" \/>\r\n<input type=\"hidden\" name=\"form_index\" value=\"1\" \/>\r\n<div class=\"w-form-row for_submit align_justify\">\r\n\t<button class=\"w-btn icon_atright us-btn-style_1\" aria-label=\"Send\" type=\"submit\">\r\n\t\t<span class=\"g-preloader type_1\"><\/span>\r\n\t\t\t\t<span class=\"w-btn-label\">Send<\/span>\r\n\t\t<i class=\"fas fa-paper-plane\"><\/i>\t<\/button>\r\n\t<\/div>\r\n<\/div><div class=\"w-form-message\"><\/div><div class=\"w-form-json hidden\" onclick='return {&quot;ajaxurl&quot;:&quot;https:\\\/\\\/bradro.com\\\/wp-admin\\\/admin-ajax.php&quot;,&quot;messages&quot;:{&quot;err_empty&quot;:&quot;Fill out this field&quot;,&quot;err_size&quot;:&quot;File size cannot exceed %s MB&quot;,&quot;err_extension&quot;:&quot;%s file type is not allowed&quot;}}'><\/div><\/form><\/div><\/div><\/div><\/div><\/div><\/section>\n","protected":false},"excerpt":{"rendered":"ContactTo contact us and get more information about our offer, please fill out the contact form below or call the phone number provided. We are ready to cooperate and waiting for your contact! Bradro Sawmill \u2013 Your partner in wood! BRADRO Pawe\u0142 Braun, \u0141ukasz Braun Sp. J. Sosnowa 23, Ogrodniczki, 16-030 Supra\u015bl, Poland Tax ID...","protected":false},"author":1,"featured_media":0,"parent":0,"menu_order":0,"comment_status":"closed","ping_status":"closed","template":"","meta":{"_acf_changed":false,"footnotes":""},"class_list":["post-619","page","type-page","status-publish","hentry"],"acf":[],"yoast_head":"<!-- This site is optimized with the Yoast SEO plugin v26.3 - https:\/\/yoast.com\/wordpress\/plugins\/seo\/ -->\n<title>Contact - Bradro<\/title>\n<meta name=\"robots\" content=\"index, follow, max-snippet:-1, max-image-preview:large, max-video-preview:-1\" \/>\n<link rel=\"canonical\" href=\"https:\/\/bradro.com\/en\/wp-json\/wp\/v2\/pages\/619\" \/>\n<meta property=\"og:locale\" content=\"en_US\" \/>\n<meta property=\"og:type\" content=\"article\" \/>\n<meta property=\"og:title\" content=\"Contact - Bradro\" \/>\n<meta property=\"og:url\" content=\"https:\/\/bradro.com\/en\/contact\/\" \/>\n<meta property=\"og:site_name\" content=\"Bradro\" \/>\n<meta property=\"article:modified_time\" content=\"2025-10-15T10:50:04+00:00\" \/>\n<meta name=\"twitter:card\" content=\"summary_large_image\" \/>\n<meta name=\"twitter:label1\" content=\"Est. reading time\" \/>\n\t<meta name=\"twitter:data1\" content=\"3 minutes\" \/>\n<script type=\"application\/ld+json\" class=\"yoast-schema-graph\">{\"@context\":\"https:\/\/schema.org\",\"@graph\":[{\"@type\":\"WebPage\",\"@id\":\"https:\/\/bradro.com\/en\/contact\/\",\"url\":\"https:\/\/bradro.com\/en\/contact\/\",\"name\":\"Contact - Bradro\",\"isPartOf\":{\"@id\":\"https:\/\/bradro.com\/en\/#website\"},\"datePublished\":\"2024-01-10T12:53:50+00:00\",\"dateModified\":\"2025-10-15T10:50:04+00:00\",\"breadcrumb\":{\"@id\":\"https:\/\/bradro.com\/en\/contact\/#breadcrumb\"},\"inLanguage\":\"en-US\",\"potentialAction\":[{\"@type\":\"ReadAction\",\"target\":[\"https:\/\/bradro.com\/en\/contact\/\"]}]},{\"@type\":\"BreadcrumbList\",\"@id\":\"https:\/\/bradro.com\/en\/contact\/#breadcrumb\",\"itemListElement\":[{\"@type\":\"ListItem\",\"position\":1,\"name\":\"Strona g\u0142\u00f3wna\",\"item\":\"https:\/\/bradro.com\/en\/strona-glowna\/\"},{\"@type\":\"ListItem\",\"position\":2,\"name\":\"Contact\"}]},{\"@type\":\"WebSite\",\"@id\":\"https:\/\/bradro.com\/en\/#website\",\"url\":\"https:\/\/bradro.com\/en\/\",\"name\":\"Bradro\",\"description\":\"Tartak\",\"publisher\":{\"@id\":\"https:\/\/bradro.com\/en\/#organization\"},\"potentialAction\":[{\"@type\":\"SearchAction\",\"target\":{\"@type\":\"EntryPoint\",\"urlTemplate\":\"https:\/\/bradro.com\/en\/?s={search_term_string}\"},\"query-input\":{\"@type\":\"PropertyValueSpecification\",\"valueRequired\":true,\"valueName\":\"search_term_string\"}}],\"inLanguage\":\"en-US\"},{\"@type\":\"Organization\",\"@id\":\"https:\/\/bradro.com\/en\/#organization\",\"name\":\"Bradro\",\"url\":\"https:\/\/bradro.com\/en\/\",\"logo\":{\"@type\":\"ImageObject\",\"inLanguage\":\"en-US\",\"@id\":\"https:\/\/bradro.com\/en\/#\/schema\/logo\/image\/\",\"url\":\"https:\/\/bradro.com\/wp-content\/uploads\/2023\/12\/bradro-logo-czarne.png\",\"contentUrl\":\"https:\/\/bradro.com\/wp-content\/uploads\/2023\/12\/bradro-logo-czarne.png\",\"width\":433,\"height\":100,\"caption\":\"Bradro\"},\"image\":{\"@id\":\"https:\/\/bradro.com\/en\/#\/schema\/logo\/image\/\"}}]}<\/script>\n<!-- \/ Yoast SEO plugin. -->","yoast_head_json":{"title":"Contact - Bradro","robots":{"index":"index","follow":"follow","max-snippet":"max-snippet:-1","max-image-preview":"max-image-preview:large","max-video-preview":"max-video-preview:-1"},"canonical":"https:\/\/bradro.com\/en\/wp-json\/wp\/v2\/pages\/619","og_locale":"en_US","og_type":"article","og_title":"Contact - Bradro","og_url":"https:\/\/bradro.com\/en\/contact\/","og_site_name":"Bradro","article_modified_time":"2025-10-15T10:50:04+00:00","twitter_card":"summary_large_image","twitter_misc":{"Est. reading time":"3 minutes"},"schema":{"@context":"https:\/\/schema.org","@graph":[{"@type":"WebPage","@id":"https:\/\/bradro.com\/en\/contact\/","url":"https:\/\/bradro.com\/en\/contact\/","name":"Contact - Bradro","isPartOf":{"@id":"https:\/\/bradro.com\/en\/#website"},"datePublished":"2024-01-10T12:53:50+00:00","dateModified":"2025-10-15T10:50:04+00:00","breadcrumb":{"@id":"https:\/\/bradro.com\/en\/contact\/#breadcrumb"},"inLanguage":"en-US","potentialAction":[{"@type":"ReadAction","target":["https:\/\/bradro.com\/en\/contact\/"]}]},{"@type":"BreadcrumbList","@id":"https:\/\/bradro.com\/en\/contact\/#breadcrumb","itemListElement":[{"@type":"ListItem","position":1,"name":"Strona g\u0142\u00f3wna","item":"https:\/\/bradro.com\/en\/strona-glowna\/"},{"@type":"ListItem","position":2,"name":"Contact"}]},{"@type":"WebSite","@id":"https:\/\/bradro.com\/en\/#website","url":"https:\/\/bradro.com\/en\/","name":"Bradro","description":"Tartak","publisher":{"@id":"https:\/\/bradro.com\/en\/#organization"},"potentialAction":[{"@type":"SearchAction","target":{"@type":"EntryPoint","urlTemplate":"https:\/\/bradro.com\/en\/?s={search_term_string}"},"query-input":{"@type":"PropertyValueSpecification","valueRequired":true,"valueName":"search_term_string"}}],"inLanguage":"en-US"},{"@type":"Organization","@id":"https:\/\/bradro.com\/en\/#organization","name":"Bradro","url":"https:\/\/bradro.com\/en\/","logo":{"@type":"ImageObject","inLanguage":"en-US","@id":"https:\/\/bradro.com\/en\/#\/schema\/logo\/image\/","url":"https:\/\/bradro.com\/wp-content\/uploads\/2023\/12\/bradro-logo-czarne.png","contentUrl":"https:\/\/bradro.com\/wp-content\/uploads\/2023\/12\/bradro-logo-czarne.png","width":433,"height":100,"caption":"Bradro"},"image":{"@id":"https:\/\/bradro.com\/en\/#\/schema\/logo\/image\/"}}]}},"_links":{"self":[{"href":"https:\/\/bradro.com\/en\/wp-json\/wp\/v2\/pages\/619","targetHints":{"allow":["GET"]}}],"collection":[{"href":"https:\/\/bradro.com\/en\/wp-json\/wp\/v2\/pages"}],"about":[{"href":"https:\/\/bradro.com\/en\/wp-json\/wp\/v2\/types\/page"}],"author":[{"embeddable":true,"href":"https:\/\/bradro.com\/en\/wp-json\/wp\/v2\/users\/1"}],"replies":[{"embeddable":true,"href":"https:\/\/bradro.com\/en\/wp-json\/wp\/v2\/comments?post=619"}],"version-history":[{"count":8,"href":"https:\/\/bradro.com\/en\/wp-json\/wp\/v2\/pages\/619\/revisions"}],"predecessor-version":[{"id":1407,"href":"https:\/\/bradro.com\/en\/wp-json\/wp\/v2\/pages\/619\/revisions\/1407"}],"wp:attachment":[{"href":"https:\/\/bradro.com\/en\/wp-json\/wp\/v2\/media?parent=619"}],"curies":[{"name":"wp","href":"https:\/\/api.w.org\/{rel}","templated":true}]}}